{"id":1477,"date":"2021-01-20T22:33:47","date_gmt":"2021-01-20T21:33:47","guid":{"rendered":"https:\/\/vanride.ch\/?page_id=1477"},"modified":"2024-05-27T16:35:00","modified_gmt":"2024-05-27T14:35:00","slug":"vente","status":"publish","type":"page","link":"https:\/\/vanride.ch\/en\/vente\/","title":{"rendered":"Sale"},"content":{"rendered":"<p>[et_pb_section fb_built=\u00a0\u00bb1&Prime; _builder_version=\u00a0\u00bb4.16&Prime; global_colors_info=\u00a0\u00bb{}\u00a0\u00bb][et_pb_row _builder_version=\u00a0\u00bb4.16&Prime; background_size=\u00a0\u00bbinitial\u00a0\u00bb background_position=\u00a0\u00bbtop_left\u00a0\u00bb background_repeat=\u00a0\u00bbrepeat\u00a0\u00bb global_colors_info=\u00a0\u00bb{}\u00a0\u00bb][et_pb_column type=\u00a0\u00bb4_4&Prime; _builder_version=\u00a0\u00bb4.16&Prime; custom_padding=\u00a0\u00bb|||\u00a0\u00bb global_colors_info=\u00a0\u00bb{}\u00a0\u00bb custom_padding__hover=\u00a0\u00bb|||\u00a0\u00bb][et_pb_text _builder_version=\u00a0\u00bb4.16&Prime; background_size=\u00a0\u00bbinitial\u00a0\u00bb background_position=\u00a0\u00bbtop_left\u00a0\u00bb background_repeat=\u00a0\u00bbrepeat\u00a0\u00bb global_colors_info=\u00a0\u00bb{}\u00a0\u00bb]<\/p>\n<p><!-- divi:getwid\/section {\"align\":\"full\",\"skipLayout\":true,\"minHeight\":\"80vh\",\"verticalAlign\":\"flex-start\",\"backgroundImage\":{\"alt\":\"\",\"id\":1698,\"url\":\"https:\/\/vanride.ch\/wp-content\/uploads\/2021\/03\/IMG_7283-2-scaled.jpeg\"},\"dividerBottom\":\"\",\"dividersBottomHeight\":\"70px\",\"dividerBottomColor\":\"#ffffff\",\"paddingLeft\":\"normal\",\"paddingRight\":\"normal\",\"paddingLeftMobile\":\"small\",\"paddingRightMobile\":\"small\",\"marginBottom\":\"normal\"} --><\/p>\n<div class=\"wp-block-getwid-section alignfull getwid-margin-bottom-normal\">\n<div class=\"wp-block-getwid-section__wrapper getwid-padding-left-normal getwid-padding-right-normal getwid-padding-mobile-left-small getwid-padding-mobile-right-small getwid-align-items-flex-start\" style=\"min-height: 80vh;\">\n<div class=\"wp-block-getwid-section__inner-wrapper\">\n<div class=\"wp-block-getwid-section__background-holder\">\n<div class=\"wp-block-getwid-section__background\" style=\"background-image: url('https:\/\/vanride.ch\/wp-content\/uploads\/2021\/03\/IMG_7283-2-scaled.jpeg');\">\n<div class=\"wp-block-getwid-section__background-image-wrapper\"><img class=\"wp-block-getwid-section__background-image\" src=\"https:\/\/vanride.ch\/wp-content\/uploads\/2021\/03\/IMG_7283-2-scaled.jpeg\" alt=\"\" \/><\/div>\n<\/div>\n<div class=\"wp-block-getwid-section__foreground\"><\/div>\n<\/div>\n<div class=\"wp-block-getwid-section__content\">\n<div class=\"wp-block-getwid-section__inner-content\"><!-- divi:getwid\/section {\"skipLayout\":true,\"contentMaxWidthPreset\":\"custom\",\"contentMaxWidth\":900,\"verticalAlign\":\"flex-start\",\"horizontalAlign\":\"flex-start\",\"paddingTop\":\"none\",\"paddingBottom\":\"none\",\"paddingLeft\":\"none\",\"paddingRight\":\"none\",\"marginTopValue\":\"50px\",\"marginTop\":\"custom\"} --><\/p>\n<div class=\"wp-block-getwid-section getwid-section-content-custom-width\" style=\"margin-top: 50px;\">\n<div class=\"wp-block-getwid-section__wrapper getwid-padding-top-none getwid-padding-bottom-none getwid-padding-left-none getwid-padding-right-none getwid-align-items-flex-start getwid-justify-content-flex-start\">\n<div class=\"wp-block-getwid-section__inner-wrapper\" style=\"max-width: 900px;\">\n<div class=\"wp-block-getwid-section__background-holder\">\n<div class=\"wp-block-getwid-section__background\"><\/div>\n<div class=\"wp-block-getwid-section__foreground\"><\/div>\n<\/div>\n<div class=\"wp-block-getwid-section__content\">\n<div class=\"wp-block-getwid-section__inner-content\"><!-- divi:getwid\/advanced-heading {\"textColor\":\"white\",\"titleTag\":\"h2\",\"fontFamily\":\"Libre Baskerville\",\"fontSize\":\"145px\",\"fontWeight\":\"normal\",\"fontStyle\":\"normal\",\"lineHeight\":\"1.2em\",\"textAlignment\":\"left\",\"marginTop\":\"20px\",\"marginBottom\":\"40px\",\"className\":\"is-style-with-shadow bnr_img_title_style\"} --><\/p>\n<div class=\"wp-block-getwid-advanced-heading is-style-with-shadow bnr_img_title_style has-custom-font-size\" style=\"font-size: 145px; margin-bottom: 40px; margin-top: 20px;\">\n<h2 class=\"wp-block-getwid-advanced-heading__content has-text-color has-white-color\" style=\"text-align: left; font-family: 'Libre Baskerville'; font-weight: normal; line-height: 1.2em;\">New and second-hand<\/h2>\n<\/div>\n<p><!-- \/divi:getwid\/advanced-heading --> <!-- divi:getwid\/section {\"skipLayout\":true,\"contentMaxWidthPreset\":\"custom\",\"contentMaxWidth\":500,\"verticalAlign\":\"flex-start\",\"horizontalAlign\":\"flex-start\",\"paddingTop\":\"none\",\"paddingBottom\":\"none\",\"paddingLeft\":\"none\",\"paddingRight\":\"none\"} --><\/p>\n<div class=\"wp-block-getwid-section getwid-section-content-custom-width\">\n<div class=\"wp-block-getwid-section__wrapper getwid-padding-top-none getwid-padding-bottom-none getwid-padding-left-none getwid-padding-right-none getwid-align-items-flex-start getwid-justify-content-flex-start\">\n<div class=\"wp-block-getwid-section__inner-wrapper\" style=\"max-width: 500px;\">\n<div class=\"wp-block-getwid-section__background-holder\">\n<div class=\"wp-block-getwid-section__background\"><\/div>\n<div class=\"wp-block-getwid-section__foreground\"><\/div>\n<\/div>\n<div class=\"wp-block-getwid-section__content\">\n<div class=\"wp-block-getwid-section__inner-content\"><\/div>\n<\/div>\n<\/div>\n<\/div>\n<\/div>\n<p><!-- \/divi:getwid\/section --><\/div>\n<\/div>\n<\/div>\n<\/div>\n<\/div>\n<p><!-- \/divi:getwid\/section --><\/div>\n<\/div>\n<\/div>\n<\/div>\n<\/div>\n<p>&nbsp;<\/p>\n<p>&nbsp;<\/p>\n<p>&nbsp;<\/p>\n<p><!-- \/divi:getwid\/section --><!-- divi:heading {\"textAlign\":\"center\"} --><\/p>\n<h2 class=\"has-text-align-center\">California dream<\/h2>\n<p>&nbsp;<\/p>\n<p><span style=\"font-size: 1rem;\">We love our VW California campervans and we treat each one of them as if it was our personal vehicle. Throughout their life at Vanride, they are carefully maintained within the official VW network and thoroughly cleaned. Their service period does not exceed 2 years. After that, we sell them so that they can continue to provide pleasure for many more years ! Our second hand vehicles are always sold with a technical expertise and free of logos. They continue to benefit from a one-year official manufacturer's warranty.<\/span><\/p>\n<p><span style=\"font-size: 1rem;\">Our privileged partnership with the Volkswagen brand also allows us to offer brand new VW California campervans, directly from the VW \/ AMAG Switzerland network. Our new vehicles benefit from an extended Swiss guarantee of 3 years.<\/span><\/p>\n<div class=\"wp-block-columns\">\n<div class=\"wp-block-column\"><!-- \/divi:paragraph --> <!-- divi:paragraph --><\/p>\n<p>Vous avez envie de franchir un pas suppl\u00e9mentaire dans la \u00ab Vanlife \u00bb et d\u2019acqu\u00e9rir votre propre VW California \u00e0 un prix int\u00e9ressant ? N\u2019h\u00e9sitez pas \u00e0 consulter nos offres et \u00e0 nous contacter, c\u2019est avec plaisir que nous vous conseillerons le v\u00e9hicule qui vous correspond.<\/p>\n<p><!-- \/divi:paragraph --><\/div>\n<p><!-- \/divi:column --><\/div>\n<p><!-- \/divi:columns --><!-- divi:paragraph --><\/p>\n<p>&nbsp;<\/p>\n<p><!-- \/divi:paragraph --><\/p>\n<p>[\/et_pb_text][\/et_pb_column][\/et_pb_row][et_pb_row column_structure=\u00a0\u00bb1_2,1_2&Prime; _builder_version=\u00a0\u00bb4.25.0&Prime; _module_preset=\u00a0\u00bbdefault\u00a0\u00bb hover_enabled=\u00a0\u00bb0&Prime; global_colors_info=\u00a0\u00bb{}\u00a0\u00bb sticky_enabled=\u00a0\u00bb0&Prime;][et_pb_column type=\u00a0\u00bb1_2&Prime; _builder_version=\u00a0\u00bb4.25.0&Prime; _module_preset=\u00a0\u00bbdefault\u00a0\u00bb global_colors_info=\u00a0\u00bb{}\u00a0\u00bb][et_pb_text _builder_version=\u00a0\u00bb4.25.0&Prime; _module_preset=\u00a0\u00bbdefault\u00a0\u00bb hover_enabled=\u00a0\u00bb0&Prime; global_colors_info=\u00a0\u00bb{}\u00a0\u00bb sticky_enabled=\u00a0\u00bb0&Prime;]<\/p>\n<h1 class=\"chakra-text css-1ocfgkf\"><a href=\"https:\/\/www.autoscout24.ch\/fr\/d\/vw-t61-camping-car-2022-occasion-11512221?utm_campaign=as24_share_iphone&amp;utm_medium=social_sharing&amp;utm_source=app_share\" target=\"_blank\" rel=\"noopener\">VW T6.1 California 2.0 TDI Coast Liberty<\/a><\/h1>\n<p class=\"chakra-text css-12f9ptl\">California Coast Lib, parfait \u00e9tat, disponible imm\u00e9diatement. Chauffage stationnaire, etc. Garantie 01.06.2025. Leasing 4,9%<\/p>\n<p class=\"chakra-text css-12f9ptl\"><a href=\"https:\/\/www.autoscout24.ch\/fr\/d\/vw-t61-camping-car-2022-occasion-11512221?utm_campaign=as24_share_iphone&amp;utm_medium=social_sharing&amp;utm_source=app_share\" target=\"_blank\" rel=\"noopener\">Plus d&rsquo;infos&#8230;<\/a><\/p>\n<p class=\"chakra-text css-12f9ptl\">ou copiez ce lien :<\/p>\n<p>https:\/\/www.autoscout24.ch\/fr\/d\/vw-t61-camping-car-2022-occasion-11512221<\/p>\n<p>[\/et_pb_text][\/et_pb_column][et_pb_column type=\u00a0\u00bb1_2&Prime; _builder_version=\u00a0\u00bb4.25.0&Prime; _module_preset=\u00a0\u00bbdefault\u00a0\u00bb global_colors_info=\u00a0\u00bb{}\u00a0\u00bb][et_pb_gallery gallery_ids=\u00a0\u00bb10842,10841,10840,10839&Prime; fullwidth=\u00a0\u00bbon\u00a0\u00bb _builder_version=\u00a0\u00bb4.25.0&Prime; _module_preset=\u00a0\u00bbdefault\u00a0\u00bb global_colors_info=\u00a0\u00bb{}\u00a0\u00bb][\/et_pb_gallery][\/et_pb_column][\/et_pb_row][et_pb_row column_structure=\u00a0\u00bb1_2,1_2&Prime; _builder_version=\u00a0\u00bb4.25.0&Prime; _module_preset=\u00a0\u00bbdefault\u00a0\u00bb global_colors_info=\u00a0\u00bb{}\u00a0\u00bb][et_pb_column type=\u00a0\u00bb1_2&Prime; _builder_version=\u00a0\u00bb4.25.0&Prime; _module_preset=\u00a0\u00bbdefault\u00a0\u00bb global_colors_info=\u00a0\u00bb{}\u00a0\u00bb][et_pb_text _builder_version=\u00a0\u00bb4.25.0&Prime; _module_preset=\u00a0\u00bbdefault\u00a0\u00bb link_option_url=\u00a0\u00bbhttps:\/\/www.autoscout24.ch\/fr\/d\/vw-t61-camping-car-2023-vehicule-neuf-avec-immatriculation-d-un-jour-10230895?utm_campaign=as24_share_iphone&#038;utm_medium=social_sharing&#038;utm_source=app_share\u00a0\u00bb hover_enabled=\u00a0\u00bb0&Prime; global_colors_info=\u00a0\u00bb{}\u00a0\u00bb sticky_enabled=\u00a0\u00bb0&Prime;]<\/p>\n<h1 class=\"chakra-text css-1ocfgkf\"><a href=\"https:\/\/www.autoscout24.ch\/fr\/d\/vw-t61-camping-car-2023-vehicule-neuf-avec-immatriculation-d-un-jour-10230895?utm_campaign=as24_share_iphone&amp;utm_medium=social_sharing&amp;utm_source=app_share\" target=\"_blank\" rel=\"noopener\">VW Cali. TDI Bea.Ed.Sp.4MA<\/a><\/h1>\n<p class=\"chakra-text css-12f9ptl\">VW California Beach Ed. 4M, ACC, attelage, Diff-Lock, etc. Disponible imm\u00e9diatement. Garantie 3 ans \/ 100&rsquo;000km. SPRING SALE<\/p>\n<h1 class=\"chakra-text css-1ocfgkf\"><a href=\"https:\/\/www.autoscout24.ch\/fr\/d\/vw-t61-camping-car-2023-vehicule-neuf-avec-immatriculation-d-un-jour-10230895?utm_campaign=as24_share_iphone&amp;utm_medium=social_sharing&amp;utm_source=app_share\" style=\"font-size: 16px;\" target=\"_blank\" rel=\"noopener\">Plus d&rsquo;infos&#8230;<\/a><\/h1>\n<p>ou copiez ce lien :<\/p>\n<p>https:\/\/www.autoscout24.ch\/fr\/d\/vw-t61-camping-car-2023-vehicule-neuf-avec-immatriculation-d-un-jour-10230895<\/p>\n<p>[\/et_pb_text][\/et_pb_column][et_pb_column type=\u00a0\u00bb1_2&Prime; _builder_version=\u00a0\u00bb4.25.0&Prime; _module_preset=\u00a0\u00bbdefault\u00a0\u00bb global_colors_info=\u00a0\u00bb{}\u00a0\u00bb][et_pb_gallery gallery_ids=\u00a0\u00bb10847,10846,10845,10844&Prime; fullwidth=\u00a0\u00bbon\u00a0\u00bb _builder_version=\u00a0\u00bb4.25.0&Prime; _module_preset=\u00a0\u00bbdefault\u00a0\u00bb link_option_url=\u00a0\u00bbhttps:\/\/www.autoscout24.ch\/fr\/d\/vw-t61-camping-car-2023-vehicule-neuf-avec-immatriculation-d-un-jour-10230895?utm_campaign=as24_share_iphone&#038;utm_medium=social_sharing&#038;utm_source=app_share\u00a0\u00bb global_colors_info=\u00a0\u00bb{}\u00a0\u00bb][\/et_pb_gallery][\/et_pb_column][\/et_pb_row][et_pb_row column_structure=\u00a0\u00bb1_2,1_2&Prime; _builder_version=\u00a0\u00bb4.25.0&Prime; _module_preset=\u00a0\u00bbdefault\u00a0\u00bb global_colors_info=\u00a0\u00bb{}\u00a0\u00bb][et_pb_column type=\u00a0\u00bb1_2&Prime; _builder_version=\u00a0\u00bb4.25.0&Prime; _module_preset=\u00a0\u00bbdefault\u00a0\u00bb global_colors_info=\u00a0\u00bb{}\u00a0\u00bb][et_pb_text _builder_version=\u00a0\u00bb4.25.0&Prime; _module_preset=\u00a0\u00bbdefault\u00a0\u00bb link_option_url=\u00a0\u00bbhttps:\/\/www.autoscout24.ch\/fr\/d\/vw-t61-camping-car-2023-vehicule-neuf-avec-immatriculation-d-un-jour-10230895?utm_campaign=as24_share_iphone&#038;utm_medium=social_sharing&#038;utm_source=app_share\u00a0\u00bb hover_enabled=\u00a0\u00bb0&Prime; global_colors_info=\u00a0\u00bb{}\u00a0\u00bb sticky_enabled=\u00a0\u00bb0&Prime;]<\/p>\n<h1 class=\"chakra-text css-1ocfgkf\"><a href=\"https:\/\/www.autoscout24.ch\/fr\/d\/vw-t61-camping-car-2022-occasion-10324271?utm_campaign=as24_share_iphone&amp;utm_medium=social_sharing&amp;utm_source=app_share\" target=\"_blank\" rel=\"noopener\">VW T6.1 California 2.0 TDI Ocean Liberty 4Motion<\/a><\/h1>\n<p class=\"chakra-text css-12f9ptl\">VW California Ocean Lib. Origine CH, \u00e9tat neuf. Attelage, Art Velours, jantes 18, etc. Garantie 3 ans\/100&rsquo;000km, leasing 4.9%<\/p>\n<h1 class=\"chakra-text css-1ocfgkf\"><a href=\"https:\/\/www.autoscout24.ch\/fr\/d\/vw-t61-camping-car-2022-occasion-10324271?utm_campaign=as24_share_iphone&amp;utm_medium=social_sharing&amp;utm_source=app_share\" style=\"font-size: 16px;\" target=\"_blank\" rel=\"noopener\">Plus d&rsquo;infos&#8230;<\/a><\/h1>\n<p>ou copiez ce lien :<\/p>\n<p>https:\/\/www.autoscout24.ch\/fr\/d\/vw-t61-camping-car-2022-occasion-10324271<\/p>\n<p>[\/et_pb_text][\/et_pb_column][et_pb_column type=\u00a0\u00bb1_2&Prime; _builder_version=\u00a0\u00bb4.25.0&Prime; _module_preset=\u00a0\u00bbdefault\u00a0\u00bb global_colors_info=\u00a0\u00bb{}\u00a0\u00bb][et_pb_gallery gallery_ids=\u00a0\u00bb10852,10851,10849,10850&Prime; fullwidth=\u00a0\u00bbon\u00a0\u00bb _builder_version=\u00a0\u00bb4.25.0&Prime; _module_preset=\u00a0\u00bbdefault\u00a0\u00bb link_option_url=\u00a0\u00bbhttps:\/\/www.autoscout24.ch\/fr\/d\/vw-t61-california-20-tdi-ocean-liberty-4motion-10324271?slide=9&Prime; global_colors_info=\u00a0\u00bb{}\u00a0\u00bb][\/et_pb_gallery][\/et_pb_column][\/et_pb_row][et_pb_row column_structure=\u00a0\u00bb1_2,1_2&Prime; _builder_version=\u00a0\u00bb4.25.0&Prime; _module_preset=\u00a0\u00bbdefault\u00a0\u00bb global_colors_info=\u00a0\u00bb{}\u00a0\u00bb][et_pb_column type=\u00a0\u00bb1_2&Prime; _builder_version=\u00a0\u00bb4.25.0&Prime; _module_preset=\u00a0\u00bbdefault\u00a0\u00bb global_colors_info=\u00a0\u00bb{}\u00a0\u00bb][et_pb_text _builder_version=\u00a0\u00bb4.25.0&Prime; _module_preset=\u00a0\u00bbdefault\u00a0\u00bb link_option_url=\u00a0\u00bbhttps:\/\/www.autoscout24.ch\/fr\/d\/vw-t61-camping-car-2023-vehicule-neuf-avec-immatriculation-d-un-jour-11230500?utm_campaign=as24_share_iphone&#038;utm_medium=social_sharing&#038;utm_source=app_share\u00a0\u00bb hover_enabled=\u00a0\u00bb0&Prime; global_colors_info=\u00a0\u00bb{}\u00a0\u00bb sticky_enabled=\u00a0\u00bb0&Prime;]<\/p>\n<h1 class=\"chakra-text css-1ocfgkf\"><a href=\"https:\/\/www.autoscout24.ch\/fr\/d\/vw-t61-camping-car-2023-vehicule-neuf-avec-immatriculation-d-un-jour-11230500?utm_campaign=as24_share_iphone&amp;utm_medium=social_sharing&amp;utm_source=app_share\" target=\"_blank\" rel=\"noopener\">VW Cal. TDI Oce.Ed.Lib 4M A<\/a><\/h1>\n<p class=\"chakra-text css-12f9ptl\">VW T6.1 Ocean Ed.4M DSG, v\u00e9hicule CH neuf, livrable imm\u00e9diatement. Garantie VW 3 ans\/100&rsquo;000km. Leasing 3,9% SPRING SALE !!<\/p>\n<h1 class=\"chakra-text css-1ocfgkf\"><a href=\"https:\/\/www.autoscout24.ch\/fr\/d\/vw-t61-camping-car-2023-vehicule-neuf-avec-immatriculation-d-un-jour-11230500?utm_campaign=as24_share_iphone&amp;utm_medium=social_sharing&amp;utm_source=app_share\" style=\"font-size: 16px;\" target=\"_blank\" rel=\"noopener\">Plus d&rsquo;infos&#8230;<\/a><\/h1>\n<p>ou copiez ce lien :<\/p>\n<p>https:\/\/www.autoscout24.ch\/fr\/d\/vw-t61-camping-car-2023-vehicule-neuf-avec-immatriculation-d-un-jour-11230500<\/p>\n<p>[\/et_pb_text][\/et_pb_column][et_pb_column type=\u00a0\u00bb1_2&Prime; _builder_version=\u00a0\u00bb4.25.0&Prime; _module_preset=\u00a0\u00bbdefault\u00a0\u00bb global_colors_info=\u00a0\u00bb{}\u00a0\u00bb][et_pb_gallery gallery_ids=\u00a0\u00bb10858,10857,10856,10855&Prime; fullwidth=\u00a0\u00bbon\u00a0\u00bb _builder_version=\u00a0\u00bb4.25.0&Prime; _module_preset=\u00a0\u00bbdefault\u00a0\u00bb link_option_url=\u00a0\u00bbhttps:\/\/www.autoscout24.ch\/fr\/d\/vw-cal-tdi-oceedlib-4m-a-11230500?slide=9&Prime; global_colors_info=\u00a0\u00bb{}\u00a0\u00bb][\/et_pb_gallery][\/et_pb_column][\/et_pb_row][\/et_pb_section]<\/p>","protected":false},"excerpt":{"rendered":"<p>Vehicules neufs et occasions &nbsp; &nbsp; &nbsp; California dream &nbsp; Nous aimons nos VW California et nous traitons chacun d\u2019entre eux comme si c\u2019\u00e9tait notre v\u00e9hicule personnel. Tout au long de leur carri\u00e8re chez Vanride, ils sont soigneusement entretenus dans le r\u00e9seau officiel VW et parfaitement nettoy\u00e9s. Leur p\u00e9riode de service n\u2019exc\u00e9dant pas 2&#8230;<\/p>","protected":false},"author":1,"featured_media":0,"parent":0,"menu_order":0,"comment_status":"closed","ping_status":"closed","template":"template-canvas-page.php","meta":{"_et_pb_use_builder":"on","_et_pb_old_content":"<!-- wp:getwid\/section {\"align\":\"full\",\"skipLayout\":true,\"minHeight\":\"80vh\",\"verticalAlign\":\"flex-start\",\"backgroundImage\":{\"alt\":\"\",\"id\":1698,\"url\":\"https:\/\/vanride.ch\/wp-content\/uploads\/2021\/03\/IMG_7283-2-scaled.jpeg\"},\"dividerBottom\":\"\",\"dividersBottomHeight\":\"70px\",\"dividerBottomColor\":\"#ffffff\",\"paddingLeft\":\"normal\",\"paddingRight\":\"normal\",\"paddingLeftMobile\":\"small\",\"paddingRightMobile\":\"small\",\"marginBottom\":\"normal\"} -->\n<div class=\"wp-block-getwid-section alignfull getwid-margin-bottom-normal\"><div class=\"wp-block-getwid-section__wrapper getwid-padding-left-normal getwid-padding-right-normal getwid-padding-mobile-left-small getwid-padding-mobile-right-small getwid-align-items-flex-start\" style=\"min-height:80vh\"><div class=\"wp-block-getwid-section__inner-wrapper\"><div class=\"wp-block-getwid-section__background-holder\"><div class=\"wp-block-getwid-section__background\" style=\"background-image:url('https:\/\/vanride.ch\/wp-content\/uploads\/2021\/03\/IMG_7283-2-scaled.jpeg')\"><div class=\"wp-block-getwid-section__background-image-wrapper\"><img class=\"wp-block-getwid-section__background-image\" src=\"https:\/\/vanride.ch\/wp-content\/uploads\/2021\/03\/IMG_7283-2-scaled.jpeg\" alt=\"\"\/><\/div><\/div><div class=\"wp-block-getwid-section__foreground\"><\/div><\/div><div class=\"wp-block-getwid-section__content\"><div class=\"wp-block-getwid-section__inner-content\"><!-- wp:getwid\/section {\"skipLayout\":true,\"contentMaxWidthPreset\":\"custom\",\"contentMaxWidth\":900,\"verticalAlign\":\"flex-start\",\"horizontalAlign\":\"flex-start\",\"paddingTop\":\"none\",\"paddingBottom\":\"none\",\"paddingLeft\":\"none\",\"paddingRight\":\"none\",\"marginTopValue\":\"50px\",\"marginTop\":\"custom\"} -->\n<div class=\"wp-block-getwid-section getwid-section-content-custom-width\" style=\"margin-top:50px\"><div class=\"wp-block-getwid-section__wrapper getwid-padding-top-none getwid-padding-bottom-none getwid-padding-left-none getwid-padding-right-none getwid-align-items-flex-start getwid-justify-content-flex-start\"><div class=\"wp-block-getwid-section__inner-wrapper\" style=\"max-width:900px\"><div class=\"wp-block-getwid-section__background-holder\"><div class=\"wp-block-getwid-section__background\"><\/div><div class=\"wp-block-getwid-section__foreground\"><\/div><\/div><div class=\"wp-block-getwid-section__content\"><div class=\"wp-block-getwid-section__inner-content\"><!-- wp:getwid\/advanced-heading {\"textColor\":\"white\",\"titleTag\":\"h2\",\"fontFamily\":\"Libre Baskerville\",\"fontSize\":\"145px\",\"fontWeight\":\"normal\",\"fontStyle\":\"normal\",\"lineHeight\":\"1.2em\",\"textAlignment\":\"left\",\"marginTop\":\"20px\",\"marginBottom\":\"40px\",\"className\":\"is-style-with-shadow bnr_img_title_style\"} -->\n<div class=\"wp-block-getwid-advanced-heading is-style-with-shadow bnr_img_title_style has-custom-font-size\" style=\"font-size:145px;margin-bottom:40px;margin-top:20px\"><h2 class=\"wp-block-getwid-advanced-heading__content has-text-color has-white-color\" style=\"text-align:left;font-family:&quot;Libre Baskerville&quot;;font-weight:normal;line-height:1.2em\">Vehicules neufs et occasions<\/h2><\/div>\n<!-- \/wp:getwid\/advanced-heading -->\n\n<!-- wp:getwid\/section {\"skipLayout\":true,\"contentMaxWidthPreset\":\"custom\",\"contentMaxWidth\":500,\"verticalAlign\":\"flex-start\",\"horizontalAlign\":\"flex-start\",\"paddingTop\":\"none\",\"paddingBottom\":\"none\",\"paddingLeft\":\"none\",\"paddingRight\":\"none\"} -->\n<div class=\"wp-block-getwid-section getwid-section-content-custom-width\"><div class=\"wp-block-getwid-section__wrapper getwid-padding-top-none getwid-padding-bottom-none getwid-padding-left-none getwid-padding-right-none getwid-align-items-flex-start getwid-justify-content-flex-start\"><div class=\"wp-block-getwid-section__inner-wrapper\" style=\"max-width:500px\"><div class=\"wp-block-getwid-section__background-holder\"><div class=\"wp-block-getwid-section__background\"><\/div><div class=\"wp-block-getwid-section__foreground\"><\/div><\/div><div class=\"wp-block-getwid-section__content\"><div class=\"wp-block-getwid-section__inner-content\"><\/div><\/div><\/div><\/div><\/div>\n<!-- \/wp:getwid\/section --><\/div><\/div><\/div><\/div><\/div>\n<!-- \/wp:getwid\/section --><\/div><\/div><\/div><\/div><\/div>\n<!-- \/wp:getwid\/section -->\n\n<!-- wp:heading {\"textAlign\":\"center\"} -->\n<h2 class=\"has-text-align-center\">California dream<\/h2>\n<!-- \/wp:heading -->\n\n<!-- wp:columns -->\n<div class=\"wp-block-columns\"><!-- wp:column -->\n<div class=\"wp-block-column\"><!-- wp:paragraph -->\n<p>Nous aimons nos VW California et nous traitons chacun d\u2019entre eux comme si c\u2019\u00e9tait notre v\u00e9hicule personnel. Tout au long de leur carri\u00e8re chez Vanride, ils sont soigneusement entretenus dans le r\u00e9seau officiel VW et parfaitement nettoy\u00e9s. Leur p\u00e9riode de service n\u2019exc\u00e9dant pas 2 ans, nous les mettons en vente \u00e0 la fin de celle-ci pour qu\u2019ils puissent continuer \u00e0 offrir du plaisir durant de longues ann\u00e9es ! Lorsque nous les vendons, nos v\u00e9hicules d\u2019occasion sont expertis\u00e9s et libres de tout logo. Ils b\u00e9n\u00e9ficient \u00e9galement d\u2019une ann\u00e9e de garantie constructeur.<\/p>\n<!-- \/wp:paragraph --><\/div>\n<!-- \/wp:column -->\n\n<!-- wp:column -->\n<div class=\"wp-block-column\"><!-- wp:paragraph -->\n<p>Notre partenariat privil\u00e9gi\u00e9 avec la marque Volkswagen nous permet \u00e9galement de proposer des VW California neufs, directement issus du r\u00e9seau VW \/ AMAG Suisse. Nos v\u00e9hicules neufs sont donc au b\u00e9n\u00e9fice d\u2019une garantie suisse \u00e9tendue de 3 ans.<\/p>\n<!-- \/wp:paragraph -->\n\n<!-- wp:paragraph -->\n<p>Vous avez envie de franchir un pas suppl\u00e9mentaire dans la \u00ab Vanlife \u00bb et d\u2019acqu\u00e9rir votre propre VW California \u00e0 un prix int\u00e9ressant ? N\u2019h\u00e9sitez pas \u00e0 consulter nos offres et \u00e0 nous contacter, c\u2019est avec plaisir que nous vous conseillerons le v\u00e9hicule qui vous correspond !<\/p>\n<!-- \/wp:paragraph --><\/div>\n<!-- \/wp:column --><\/div>\n<!-- \/wp:columns -->\n\n<!-- wp:paragraph -->\n<p>Aucune offre de vente pour le moment.<\/p>\n<!-- \/wp:paragraph -->","_et_gb_content_width":"","inline_featured_image":false},"_links":{"self":[{"href":"https:\/\/vanride.ch\/en\/wp-json\/wp\/v2\/pages\/1477"}],"collection":[{"href":"https:\/\/vanride.ch\/en\/wp-json\/wp\/v2\/pages"}],"about":[{"href":"https:\/\/vanride.ch\/en\/wp-json\/wp\/v2\/types\/page"}],"author":[{"embeddable":true,"href":"https:\/\/vanride.ch\/en\/wp-json\/wp\/v2\/users\/1"}],"replies":[{"embeddable":true,"href":"https:\/\/vanride.ch\/en\/wp-json\/wp\/v2\/comments?post=1477"}],"version-history":[{"count":40,"href":"https:\/\/vanride.ch\/en\/wp-json\/wp\/v2\/pages\/1477\/revisions"}],"predecessor-version":[{"id":10875,"href":"https:\/\/vanride.ch\/en\/wp-json\/wp\/v2\/pages\/1477\/revisions\/10875"}],"wp:attachment":[{"href":"https:\/\/vanride.ch\/en\/wp-json\/wp\/v2\/media?parent=1477"}],"curies":[{"name":"wp","href":"https:\/\/api.w.org\/{rel}","templated":true}]}}