{"id":10288,"date":"2021-04-15T00:15:35","date_gmt":"2021-04-14T22:15:35","guid":{"rendered":"https:\/\/vanride.ch\/?page_id=10288"},"modified":"2021-04-15T00:22:31","modified_gmt":"2021-04-14T22:22:31","slug":"a-propos","status":"publish","type":"page","link":"https:\/\/vanride.ch\/en\/a-propos\/","title":{"rendered":"About us"},"content":{"rendered":"<div class=\"wp-block-getwid-section alignfull getwid-margin-bottom-none\"><div class=\"wp-block-getwid-section__wrapper getwid-padding-left-normal getwid-padding-right-normal getwid-padding-mobile-left-small getwid-padding-mobile-right-small getwid-align-items-flex-start\" style=\"min-height:80vh\"><div class=\"wp-block-getwid-section__inner-wrapper\"><div class=\"wp-block-getwid-section__background-holder\"><div class=\"wp-block-getwid-section__background\" style=\"background-image:url('https:\/\/vanride.ch\/wp-content\/uploads\/2021\/01\/aboutus-scaled.jpeg')\"><div class=\"wp-block-getwid-section__background-image-wrapper\"><img class=\"wp-block-getwid-section__background-image\" src=\"https:\/\/vanride.ch\/wp-content\/uploads\/2021\/01\/aboutus-scaled.jpeg\" alt=\"\"\/><\/div><\/div><div class=\"wp-block-getwid-section__foreground\"><\/div><\/div><div class=\"wp-block-getwid-section__content\"><div class=\"wp-block-getwid-section__inner-content\">\n<div class=\"wp-block-getwid-section alignwide alignwide getwid-section-content-full-width\" style=\"margin-top:50px\"><div class=\"wp-block-getwid-section__wrapper getwid-padding-top-none getwid-padding-bottom-none getwid-padding-left-none getwid-padding-right-none getwid-align-items-flex-start getwid-justify-content-flex-end\"><div class=\"wp-block-getwid-section__inner-wrapper\"><div class=\"wp-block-getwid-section__background-holder\"><div class=\"wp-block-getwid-section__background\"><\/div><div class=\"wp-block-getwid-section__foreground\"><\/div><\/div><div class=\"wp-block-getwid-section__content\"><div class=\"wp-block-getwid-section__inner-content\">\n<div class=\"wp-block-getwid-advanced-heading alignwide is-style-with-shadow bnr_img_title_style alignwide has-custom-font-size\" style=\"font-size:145px;margin-bottom:40px;margin-top:20px\"><h2 class=\"wp-block-getwid-advanced-heading__content has-text-color has-white-color\" style=\"text-align:right;font-family:&quot;Libre Baskerville&quot;;font-weight:normal;line-height:1.2em\">The spirit of <br> Vanride<\/h2><\/div>\n\n\n\n<div class=\"wp-block-getwid-section getwid-section-content-custom-width\"><div class=\"wp-block-getwid-section__wrapper getwid-padding-top-none getwid-padding-bottom-none getwid-padding-left-none getwid-padding-right-none getwid-align-items-flex-start getwid-justify-content-flex-start\"><div class=\"wp-block-getwid-section__inner-wrapper\" style=\"max-width:500px\"><div class=\"wp-block-getwid-section__background-holder\"><div class=\"wp-block-getwid-section__background\"><\/div><div class=\"wp-block-getwid-section__foreground\"><\/div><\/div><div class=\"wp-block-getwid-section__content\"><div class=\"wp-block-getwid-section__inner-content\"><\/div><\/div><\/div><\/div><\/div>\n<\/div><\/div><\/div><\/div><\/div>\n<\/div><\/div><\/div><\/div><\/div>\n\n\n\n<h2 class=\"has-text-align-center\">Our values<\/h2>\n\n\n\n<div class=\"wp-block-columns\">\n<div class=\"wp-block-column\">\n<p>By choosing Vanride, you do more than renting a campervan : you embrace the spirit of \"Vanlife\" and enter the world of adventure and freedom.<\/p>\n\n\n\n<p>Faithful to this spirit, our company is completely dedicated to \u201cVanlife\u201d, in order to provide you with a tailored service matching your style and preferences. Whether it is your first camping experience or you are a passionate globetrotter, we are here to meet your needs and make your trip the most enjoyable.<\/p>\n\n\n\n<p>Our team of passionate travelers is always there to assist you, combining its complementary skills to make your adventure a unique experience. <\/p>\n<\/div>\n\n\n\n<div class=\"wp-block-column\">\n<p>Aiming to offer the best quality of service, our friendly staff welcomes you, advises you and takes the time to explain how to operate our vans. In addition, our website provides you with technical information and itinerary suggestions.<\/p>\n\n\n\n<p>Finally, if you prefer to opt for a full package, we regularly create tailored tours which allow you to just sit behind the steering wheel and follow your customized itinerary.<\/p>\n\n\n\n<p>Of course, our vehicles are fully insured right from the start, because a glitch can always happen...and if you want the ultimate protection, enhanced insurance packages can further improve your coverage.<\/p>\n\n\n\n<p>Think about yourself, we take care of the rest !<\/p>\n<\/div>\n<\/div>\n\n\n\n<div style=\"height:30px\" aria-hidden=\"true\" class=\"wp-block-spacer\"><\/div>\n\n\n\n<h2 class=\"has-text-align-center\">A family affair<\/h2>\n\n\n\n<div class=\"wp-block-getwid-advanced-heading\" style=\"margin-bottom:45px\"><span class=\"wp-block-getwid-advanced-heading__content\" style=\"text-align:left\">Vanride is also the story of two brothers, who chose to work together 20 years ago in the field of personalized services and automobile. Today, they continue to put their complementary skills at your service.<\/span><\/div>\n\n\n\n<div class=\"wp-block-columns has-2-columns\">\n<div class=\"wp-block-column\">\n<div class=\"wp-block-getwid-person is-image-cropped\"><div class=\"wp-block-getwid-person__image\"><img loading=\"lazy\" width=\"2560\" height=\"2560\" src=\"https:\/\/vanride.ch\/wp-content\/uploads\/2021\/03\/dimitri-scaled.jpg\" class=\"wp-image-1810\" srcset=\"https:\/\/vanride.ch\/wp-content\/uploads\/2021\/03\/dimitri-scaled.jpg 2560w, https:\/\/vanride.ch\/wp-content\/uploads\/2021\/03\/dimitri-300x300.jpg 300w, https:\/\/vanride.ch\/wp-content\/uploads\/2021\/03\/dimitri-1024x1024.jpg 1024w, https:\/\/vanride.ch\/wp-content\/uploads\/2021\/03\/dimitri-150x150.jpg 150w, https:\/\/vanride.ch\/wp-content\/uploads\/2021\/03\/dimitri-768x768.jpg 768w, https:\/\/vanride.ch\/wp-content\/uploads\/2021\/03\/dimitri-1536x1536.jpg 1536w, https:\/\/vanride.ch\/wp-content\/uploads\/2021\/03\/dimitri-2048x2048.jpg 2048w, https:\/\/vanride.ch\/wp-content\/uploads\/2021\/03\/dimitri-1080x1080.jpg 1080w, https:\/\/vanride.ch\/wp-content\/uploads\/2021\/03\/dimitri-892x892.jpg 892w, https:\/\/vanride.ch\/wp-content\/uploads\/2021\/03\/dimitri-1350x1350.jpg 1350w, https:\/\/vanride.ch\/wp-content\/uploads\/2021\/03\/dimitri-600x600.jpg 600w, https:\/\/vanride.ch\/wp-content\/uploads\/2021\/03\/dimitri-100x100.jpg 100w\" sizes=\"(max-width: 2560px) 100vw, 2560px\" \/><\/div><div class=\"wp-block-getwid-person__content-wrapper\"><span class=\"wp-block-getwid-person__title\">Dimitri Montanini<\/span><p class=\"wp-block-getwid-person__content\">An ethnologist and experienced entrepreneur, Dimitri is above all passionate about long-distance travel, which he is able to combine with his work thanks to the support of his brother. Since his teenage years, he has traveled the world in many ways and always with his camera : crossing India on a motorcycle, Russia by train, the Atlantic by sailboat\u2026 the list goes on. But what he likes the most are road trips, which he has taken with all kinds of vehicles across 6 continents. Because being on the road means having the choice at every moment of the direction you take, the place you stop, the image you want to keep. Today, Dimitri keeps on traveling with his wife and his 3-year-old son as much as possible,  across land and sea.<\/p>\n<div class=\"wp-block-getwid-social-links has-small-spacing\" style=\"font-size:14px\"><ul class=\"wp-block-getwid-social-links__list getwid-justify-content-flex-start\"><\/ul><\/div>\n<\/div><\/div>\n<\/div>\n\n\n\n<div class=\"wp-block-column\">\n<div class=\"wp-block-getwid-advanced-spacer getwid-hide-desktop getwid-hide-tablet\" style=\"height:40px\" aria-hidden=\"true\"><\/div>\n\n\n\n<div class=\"wp-block-getwid-person is-image-cropped\"><div class=\"wp-block-getwid-person__image\"><img loading=\"lazy\" width=\"2560\" height=\"2560\" src=\"https:\/\/vanride.ch\/wp-content\/uploads\/2021\/03\/IMG_0836-scaled.jpeg\" class=\"wp-image-1708\" srcset=\"https:\/\/vanride.ch\/wp-content\/uploads\/2021\/03\/IMG_0836-scaled.jpeg 2560w, https:\/\/vanride.ch\/wp-content\/uploads\/2021\/03\/IMG_0836-300x300.jpeg 300w, https:\/\/vanride.ch\/wp-content\/uploads\/2021\/03\/IMG_0836-1024x1024.jpeg 1024w, https:\/\/vanride.ch\/wp-content\/uploads\/2021\/03\/IMG_0836-150x150.jpeg 150w, https:\/\/vanride.ch\/wp-content\/uploads\/2021\/03\/IMG_0836-768x768.jpeg 768w, https:\/\/vanride.ch\/wp-content\/uploads\/2021\/03\/IMG_0836-1536x1536.jpeg 1536w, https:\/\/vanride.ch\/wp-content\/uploads\/2021\/03\/IMG_0836-2048x2048.jpeg 2048w, https:\/\/vanride.ch\/wp-content\/uploads\/2021\/03\/IMG_0836-1080x1080.jpeg 1080w, https:\/\/vanride.ch\/wp-content\/uploads\/2021\/03\/IMG_0836-892x892.jpeg 892w, https:\/\/vanride.ch\/wp-content\/uploads\/2021\/03\/IMG_0836-1350x1350.jpeg 1350w, https:\/\/vanride.ch\/wp-content\/uploads\/2021\/03\/IMG_0836-600x600.jpeg 600w, https:\/\/vanride.ch\/wp-content\/uploads\/2021\/03\/IMG_0836-100x100.jpeg 100w\" sizes=\"(max-width: 2560px) 100vw, 2560px\" \/><\/div><div class=\"wp-block-getwid-person__content-wrapper\"><span class=\"wp-block-getwid-person__title\">Alex Montanini<\/span><p class=\"wp-block-getwid-person__content\">Trained as a business manager, in addition with a natural talent for communicating with people, Alex is in charge of the administrative part of the business. Even as a child riding his bike Alex dreamed of driving anything that moves. This led to his work as a professional limousine driver and he joined forces with his brother to create their own agency in 2007. Alex is unanimously appreciated and very comfortable with customers from all over the world, which makes him a vital asset in the success of the company from the very first days. Alex will also step away and travel with his family every time he gets a chance !<\/p>\n<div class=\"wp-block-getwid-social-links has-small-spacing\" style=\"font-size:14px\"><ul class=\"wp-block-getwid-social-links__list getwid-justify-content-flex-start\"><\/ul><\/div>\n<\/div><\/div>\n<\/div>\n<\/div>","protected":false},"excerpt":{"rendered":"<p>Nos valeurs En choisissant Vanride, vous faites plus que louer un campervan : vous adh\u00e9rez au concept de la \u00ab Vanlife \u00bb, vous entrez dans le monde de l\u2019aventure et de la libert\u00e9. Fid\u00e8le \u00e0 cet esprit, notre entreprise est compl\u00e8tement d\u00e9di\u00e9e \u00e0 la Vanlife, afin de vous offrir une prestation sp\u00e9cialis\u00e9e dans ce domaine [&hellip;]<\/p>","protected":false},"author":1,"featured_media":0,"parent":0,"menu_order":0,"comment_status":"closed","ping_status":"closed","template":"template-canvas-page.php","meta":{"_et_pb_use_builder":"","_et_pb_old_content":"","_et_gb_content_width":"","inline_featured_image":false},"_links":{"self":[{"href":"https:\/\/vanride.ch\/en\/wp-json\/wp\/v2\/pages\/10288"}],"collection":[{"href":"https:\/\/vanride.ch\/en\/wp-json\/wp\/v2\/pages"}],"about":[{"href":"https:\/\/vanride.ch\/en\/wp-json\/wp\/v2\/types\/page"}],"author":[{"embeddable":true,"href":"https:\/\/vanride.ch\/en\/wp-json\/wp\/v2\/users\/1"}],"replies":[{"embeddable":true,"href":"https:\/\/vanride.ch\/en\/wp-json\/wp\/v2\/comments?post=10288"}],"version-history":[{"count":3,"href":"https:\/\/vanride.ch\/en\/wp-json\/wp\/v2\/pages\/10288\/revisions"}],"predecessor-version":[{"id":10301,"href":"https:\/\/vanride.ch\/en\/wp-json\/wp\/v2\/pages\/10288\/revisions\/10301"}],"wp:attachment":[{"href":"https:\/\/vanride.ch\/en\/wp-json\/wp\/v2\/media?parent=10288"}],"curies":[{"name":"wp","href":"https:\/\/api.w.org\/{rel}","templated":true}]}}